{"id":69,"date":"2026-02-20T21:09:25","date_gmt":"2026-02-20T20:09:25","guid":{"rendered":"https:\/\/xoil2.dracodia.com\/?page_id=69"},"modified":"2026-03-19T23:41:56","modified_gmt":"2026-03-19T22:41:56","slug":"home","status":"publish","type":"page","link":"https:\/\/xoil2.dracodia.com\/","title":{"rendered":"Home"},"content":{"rendered":"\t\t<div data-elementor-type=\"wp-page\" data-elementor-id=\"69\" class=\"elementor elementor-69\">\n\t\t\t\t<div class=\"elementor-element elementor-element-948d2f2 e-con-full e-flex e-con e-parent\" data-id=\"948d2f2\" data-element_type=\"container\" data-e-type=\"container\">\n\t\t\t\t<div class=\"elementor-element elementor-element-90aa992 elementor-widget elementor-widget-video\" data-id=\"90aa992\" data-element_type=\"widget\" data-e-type=\"widget\" data-settings=\"{&quot;video_type&quot;:&quot;hosted&quot;,&quot;autoplay&quot;:&quot;yes&quot;,&quot;play_on_mobile&quot;:&quot;yes&quot;,&quot;mute&quot;:&quot;yes&quot;,&quot;loop&quot;:&quot;yes&quot;}\" data-widget_type=\"video.default\">\n\t\t\t\t\t\t\t<div class=\"e-hosted-video elementor-wrapper elementor-open-inline\">\n\t\t\t\t\t<video class=\"elementor-video\" src=\"https:\/\/xoil2.dracodia.com\/wp-content\/uploads\/2026\/03\/X-OIL-Baner-1-video.mp4\" autoplay=\"\" loop=\"\" muted=\"muted\" playsinline=\"\" controlsList=\"nodownload\"><\/video>\n\t\t\t\t<\/div>\n\t\t\t\t\t\t<\/div>\n\t\t\t\t<\/div>\n\t\t<div class=\"elementor-element elementor-element-bd69d44 e-con-full elementor-hidden-desktop elementor-hidden-tablet elementor-hidden-mobile e-flex e-con e-parent\" data-id=\"bd69d44\" data-element_type=\"container\" data-e-type=\"container\">\n\t\t\t\t<\/div>\n\t\t<div class=\"elementor-element elementor-element-d41169c e-con-full e-flex e-con e-parent\" data-id=\"d41169c\" data-element_type=\"container\" data-e-type=\"container\">\n\t\t\t\t<div class=\"elementor-element elementor-element-12c5b07 elementor-widget elementor-widget-heading\" data-id=\"12c5b07\" data-element_type=\"widget\" data-e-type=\"widget\" data-widget_type=\"heading.default\">\n\t\t\t\t\t<h2 class=\"elementor-heading-title elementor-size-default\">Dodaj tu sw\u00f3j tekst nag\u0142\u00f3wka<\/h2>\t\t\t\t<\/div>\n\t\t\t\t<div class=\"elementor-element elementor-element-1d7d0a0 elementor-widget elementor-widget-text-editor\" data-id=\"1d7d0a0\" data-element_type=\"widget\" data-e-type=\"widget\" data-widget_type=\"text-editor.default\">\n\t\t\t\t\t\t\t\t\t<p>Lorem ipsum dolor sit amet, consectetur adipiscing elit. <br>Ut elit tellus, luctus nec ullamcorper mattis, pulvinar dapibus leo.<\/p>\t\t\t\t\t\t\t\t<\/div>\n\t\t\t\t<\/div>\n\t\t<div class=\"elementor-element elementor-element-fa92639 e-grid e-con-boxed e-con e-parent\" data-id=\"fa92639\" data-element_type=\"container\" data-e-type=\"container\">\n\t\t\t\t\t<div class=\"e-con-inner\">\n\t\t<div class=\"elementor-element elementor-element-f1520f3 e-con-full e-flex e-con e-child\" data-id=\"f1520f3\" data-element_type=\"container\" data-e-type=\"container\">\n\t\t\t\t<div class=\"elementor-element elementor-element-d3d1358 dracodia-icon-text-block elementor-position-top elementor-widget elementor-widget-image-box\" data-id=\"d3d1358\" data-element_type=\"widget\" data-e-type=\"widget\" data-widget_type=\"image-box.default\">\n\t\t\t\t\t<div class=\"elementor-image-box-wrapper\"><figure class=\"elementor-image-box-img\"><img fetchpriority=\"high\" decoding=\"async\" width=\"1024\" height=\"1024\" src=\"https:\/\/xoil2.dracodia.com\/wp-content\/uploads\/2026\/03\/power-plant.svg\" class=\"attachment-thumbnail size-thumbnail wp-image-330\" alt=\"\" \/><\/figure><div class=\"elementor-image-box-content\"><h3 class=\"elementor-image-box-title\">Butle gazowe<\/h3><p class=\"elementor-image-box-description\">Lorem ipsum dolor sit amet, consectetur adipiscing elit. Ut elit tellus, luctus nec ullamcorper mattis, pulvinar dapibus leo.<\/p><\/div><\/div>\t\t\t\t<\/div>\n\t\t\t\t<div class=\"elementor-element elementor-element-78d8526 elementor-widget elementor-widget-button\" data-id=\"78d8526\" data-element_type=\"widget\" data-e-type=\"widget\" data-widget_type=\"button.default\">\n\t\t\t\t\t\t\t\t\t\t<a class=\"elementor-button elementor-button-link elementor-size-sm\" href=\"#\">\n\t\t\t\t\t\t<span class=\"elementor-button-content-wrapper\">\n\t\t\t\t\t\t\t\t\t<span class=\"elementor-button-text\">Wi\u0119cej<\/span>\n\t\t\t\t\t<\/span>\n\t\t\t\t\t<\/a>\n\t\t\t\t\t\t\t\t<\/div>\n\t\t\t\t<\/div>\n\t\t<div class=\"elementor-element elementor-element-426aca5 e-con-full e-flex e-con e-child\" data-id=\"426aca5\" data-element_type=\"container\" data-e-type=\"container\">\n\t\t\t\t<div class=\"elementor-element elementor-element-ee53add dracodia-icon-text-block elementor-position-top elementor-widget elementor-widget-image-box\" data-id=\"ee53add\" data-element_type=\"widget\" data-e-type=\"widget\" data-widget_type=\"image-box.default\">\n\t\t\t\t\t<div class=\"elementor-image-box-wrapper\"><figure class=\"elementor-image-box-img\"><img decoding=\"async\" width=\"1024\" height=\"1024\" src=\"https:\/\/xoil2.dracodia.com\/wp-content\/uploads\/2026\/03\/oil-trading.svg\" class=\"attachment-thumbnail size-thumbnail wp-image-328\" alt=\"\" \/><\/figure><div class=\"elementor-image-box-content\"><h3 class=\"elementor-image-box-title\">Zbiorniki na gaz<\/h3><p class=\"elementor-image-box-description\">Lorem ipsum dolor sit amet, consectetur adipiscing elit. Ut elit tellus, luctus nec ullamcorper mattis, pulvinar dapibus leo.<\/p><\/div><\/div>\t\t\t\t<\/div>\n\t\t\t\t<div class=\"elementor-element elementor-element-ee9e33a elementor-widget elementor-widget-button\" data-id=\"ee9e33a\" data-element_type=\"widget\" data-e-type=\"widget\" data-widget_type=\"button.default\">\n\t\t\t\t\t\t\t\t\t\t<a class=\"elementor-button elementor-button-link elementor-size-sm\" href=\"#\">\n\t\t\t\t\t\t<span class=\"elementor-button-content-wrapper\">\n\t\t\t\t\t\t\t\t\t<span class=\"elementor-button-text\">Wi\u0119cej<\/span>\n\t\t\t\t\t<\/span>\n\t\t\t\t\t<\/a>\n\t\t\t\t\t\t\t\t<\/div>\n\t\t\t\t<\/div>\n\t\t<div class=\"elementor-element elementor-element-f451bae e-con-full e-flex e-con e-child\" data-id=\"f451bae\" data-element_type=\"container\" data-e-type=\"container\">\n\t\t\t\t<div class=\"elementor-element elementor-element-40f25ea dracodia-icon-text-block elementor-position-top elementor-widget elementor-widget-image-box\" data-id=\"40f25ea\" data-element_type=\"widget\" data-e-type=\"widget\" data-widget_type=\"image-box.default\">\n\t\t\t\t\t<div class=\"elementor-image-box-wrapper\"><figure class=\"elementor-image-box-img\"><img decoding=\"async\" width=\"1024\" height=\"1024\" src=\"https:\/\/xoil2.dracodia.com\/wp-content\/uploads\/2026\/03\/gas-processing.svg\" class=\"attachment-thumbnail size-thumbnail wp-image-326\" alt=\"\" \/><\/figure><div class=\"elementor-image-box-content\"><h3 class=\"elementor-image-box-title\">Dystrybucja<\/h3><p class=\"elementor-image-box-description\">Lorem ipsum dolor sit amet, consectetur adipiscing elit. Ut elit tellus, luctus nec ullamcorper mattis, pulvinar dapibus leo.<\/p><\/div><\/div>\t\t\t\t<\/div>\n\t\t\t\t<div class=\"elementor-element elementor-element-2643495 elementor-widget elementor-widget-button\" data-id=\"2643495\" data-element_type=\"widget\" data-e-type=\"widget\" data-widget_type=\"button.default\">\n\t\t\t\t\t\t\t\t\t\t<a class=\"elementor-button elementor-button-link elementor-size-sm\" href=\"#\">\n\t\t\t\t\t\t<span class=\"elementor-button-content-wrapper\">\n\t\t\t\t\t\t\t\t\t<span class=\"elementor-button-text\">Wi\u0119cej<\/span>\n\t\t\t\t\t<\/span>\n\t\t\t\t\t<\/a>\n\t\t\t\t\t\t\t\t<\/div>\n\t\t\t\t<\/div>\n\t\t<div class=\"elementor-element elementor-element-1050409 e-con-full e-flex e-con e-child\" data-id=\"1050409\" data-element_type=\"container\" data-e-type=\"container\">\n\t\t\t\t<div class=\"elementor-element elementor-element-98a7963 dracodia-icon-text-block elementor-position-top elementor-widget elementor-widget-image-box\" data-id=\"98a7963\" data-element_type=\"widget\" data-e-type=\"widget\" data-widget_type=\"image-box.default\">\n\t\t\t\t\t<div class=\"elementor-image-box-wrapper\"><figure class=\"elementor-image-box-img\"><img fetchpriority=\"high\" decoding=\"async\" width=\"1024\" height=\"1024\" src=\"https:\/\/xoil2.dracodia.com\/wp-content\/uploads\/2026\/03\/power-plant.svg\" class=\"attachment-thumbnail size-thumbnail wp-image-330\" alt=\"\" \/><\/figure><div class=\"elementor-image-box-content\"><h3 class=\"elementor-image-box-title\">Zam\u00f3wienia online<\/h3><p class=\"elementor-image-box-description\">Lorem ipsum dolor sit amet, consectetur adipiscing elit. Ut elit tellus, luctus nec ullamcorper mattis, pulvinar dapibus leo.<\/p><\/div><\/div>\t\t\t\t<\/div>\n\t\t\t\t<div class=\"elementor-element elementor-element-a1ee08c elementor-widget elementor-widget-button\" data-id=\"a1ee08c\" data-element_type=\"widget\" data-e-type=\"widget\" data-widget_type=\"button.default\">\n\t\t\t\t\t\t\t\t\t\t<a class=\"elementor-button elementor-button-link elementor-size-sm\" href=\"#\">\n\t\t\t\t\t\t<span class=\"elementor-button-content-wrapper\">\n\t\t\t\t\t\t\t\t\t<span class=\"elementor-button-text\">Wi\u0119cej<\/span>\n\t\t\t\t\t<\/span>\n\t\t\t\t\t<\/a>\n\t\t\t\t\t\t\t\t<\/div>\n\t\t\t\t<\/div>\n\t\t\t\t\t<\/div>\n\t\t\t\t<\/div>\n\t\t<div class=\"elementor-element elementor-element-7b28856 e-con-full e-flex e-con e-parent\" data-id=\"7b28856\" data-element_type=\"container\" data-e-type=\"container\">\n\t\t<div class=\"elementor-element elementor-element-a37b62f e-con-full e-flex e-con e-child\" data-id=\"a37b62f\" data-element_type=\"container\" data-e-type=\"container\">\n\t\t\t\t<div class=\"elementor-element elementor-element-3b69bd7 elementor-widget elementor-widget-image\" data-id=\"3b69bd7\" data-element_type=\"widget\" data-e-type=\"widget\" data-widget_type=\"image.default\">\n\t\t\t\t\t\t\t\t\t\t\t\t\t\t\t<img loading=\"lazy\" decoding=\"async\" width=\"1024\" height=\"683\" src=\"https:\/\/xoil2.dracodia.com\/wp-content\/uploads\/2026\/03\/ChatGPT-Image-10-mar-2026-14_49_23-1024x683.png\" class=\"attachment-large size-large wp-image-307\" alt=\"\" srcset=\"https:\/\/xoil2.dracodia.com\/wp-content\/uploads\/2026\/03\/ChatGPT-Image-10-mar-2026-14_49_23-1024x683.png 1024w, https:\/\/xoil2.dracodia.com\/wp-content\/uploads\/2026\/03\/ChatGPT-Image-10-mar-2026-14_49_23-300x200.png 300w, https:\/\/xoil2.dracodia.com\/wp-content\/uploads\/2026\/03\/ChatGPT-Image-10-mar-2026-14_49_23-768x512.png 768w, https:\/\/xoil2.dracodia.com\/wp-content\/uploads\/2026\/03\/ChatGPT-Image-10-mar-2026-14_49_23.png 1536w\" sizes=\"(max-width: 1024px) 100vw, 1024px\" \/>\t\t\t\t\t\t\t\t\t\t\t\t\t\t\t<\/div>\n\t\t\t\t<\/div>\n\t\t<div class=\"elementor-element elementor-element-26248df e-con-full e-flex e-con e-child\" data-id=\"26248df\" data-element_type=\"container\" data-e-type=\"container\">\n\t\t\t\t<div class=\"elementor-element elementor-element-705738f elementor-widget elementor-widget-heading\" data-id=\"705738f\" data-element_type=\"widget\" data-e-type=\"widget\" data-widget_type=\"heading.default\">\n\t\t\t\t\t<h2 class=\"elementor-heading-title elementor-size-default\">Sekcja 1<\/h2>\t\t\t\t<\/div>\n\t\t\t\t<div class=\"elementor-element elementor-element-98bbbf0 elementor-widget elementor-widget-text-editor\" data-id=\"98bbbf0\" data-element_type=\"widget\" data-e-type=\"widget\" data-widget_type=\"text-editor.default\">\n\t\t\t\t\t\t\t\t\t<p>Lorem ipsum dolor sit amet, consectetur adipiscing elit. Sed pharetra, ipsum sed consectetur imperdiet, mi lacus scelerisque purus, a ultrices ipsum sapien eu odio. Nulla tempor neque ut nunc venenatis, nec laoreet metus laoreet. Fusce iaculis, quam eget viverra lacinia, nunc felis tincidunt ligula, sed ornare arcu risus at nisi. Ut dolor diam, egestas pellentesque rutrum vel, pulvinar vitae mi. Duis ligula lacus, cursus faucibus ligula ut, congue venenatis eros. Vivamus sollicitudin nulla in eros cursus volutpat. Suspendisse scelerisque eget metus eget posuere.<\/p>\t\t\t\t\t\t\t\t<\/div>\n\t\t\t\t<\/div>\n\t\t<div class=\"elementor-element elementor-element-c1a1cc7 e-con-full e-flex e-con e-child\" data-id=\"c1a1cc7\" data-element_type=\"container\" data-e-type=\"container\">\n\t\t\t\t<div class=\"elementor-element elementor-element-9629628 elementor-widget elementor-widget-heading\" data-id=\"9629628\" data-element_type=\"widget\" data-e-type=\"widget\" data-widget_type=\"heading.default\">\n\t\t\t\t\t<h2 class=\"elementor-heading-title elementor-size-default\">Sekcja 2<\/h2>\t\t\t\t<\/div>\n\t\t\t\t<div class=\"elementor-element elementor-element-4d6910b elementor-widget elementor-widget-text-editor\" data-id=\"4d6910b\" data-element_type=\"widget\" data-e-type=\"widget\" data-widget_type=\"text-editor.default\">\n\t\t\t\t\t\t\t\t\t<p>Nulla viverra vitae est nec lobortis. Suspendisse pharetra felis eu purus aliquam facilisis. Ut cursus augue nec lacus facilisis imperdiet. Donec vehicula tincidunt turpis at faucibus. Etiam fermentum massa sit amet purus ultricies bibendum vel et diam. Proin gravida in ex eget auctor. Nulla nec tristique nibh. Vestibulum dictum iaculis magna, eget euismod metus rutrum dignissim.<\/p>\t\t\t\t\t\t\t\t<\/div>\n\t\t\t\t<\/div>\n\t\t<div class=\"elementor-element elementor-element-14ef790 e-con-full e-flex e-con e-child\" data-id=\"14ef790\" data-element_type=\"container\" data-e-type=\"container\">\n\t\t\t\t<div class=\"elementor-element elementor-element-d7177ef elementor-widget elementor-widget-image\" data-id=\"d7177ef\" data-element_type=\"widget\" data-e-type=\"widget\" data-widget_type=\"image.default\">\n\t\t\t\t\t\t\t\t\t\t\t\t\t\t\t<img loading=\"lazy\" decoding=\"async\" width=\"1024\" height=\"683\" src=\"https:\/\/xoil2.dracodia.com\/wp-content\/uploads\/2026\/03\/image0-1024x683.jpeg\" class=\"attachment-large size-large wp-image-314\" alt=\"\" srcset=\"https:\/\/xoil2.dracodia.com\/wp-content\/uploads\/2026\/03\/image0-1024x683.jpeg 1024w, https:\/\/xoil2.dracodia.com\/wp-content\/uploads\/2026\/03\/image0-300x200.jpeg 300w, https:\/\/xoil2.dracodia.com\/wp-content\/uploads\/2026\/03\/image0-768x512.jpeg 768w, https:\/\/xoil2.dracodia.com\/wp-content\/uploads\/2026\/03\/image0.jpeg 1536w\" sizes=\"(max-width: 1024px) 100vw, 1024px\" \/>\t\t\t\t\t\t\t\t\t\t\t\t\t\t\t<\/div>\n\t\t\t\t<\/div>\n\t\t\t\t<\/div>\n\t\t<div class=\"elementor-element elementor-element-4c62d9e e-con-full e-flex e-con e-parent\" data-id=\"4c62d9e\" data-element_type=\"container\" data-e-type=\"container\" data-settings=\"{&quot;background_background&quot;:&quot;classic&quot;}\">\n\t\t\t\t<div class=\"elementor-element elementor-element-53c0636 elementor-widget elementor-widget-heading\" data-id=\"53c0636\" data-element_type=\"widget\" data-e-type=\"widget\" data-widget_type=\"heading.default\">\n\t\t\t\t\t<h2 class=\"elementor-heading-title elementor-size-default\">Nag\u0142\u00f3wek<\/h2>\t\t\t\t<\/div>\n\t\t\t\t<div class=\"elementor-element elementor-element-bb9656f elementor-widget elementor-widget-text-editor\" data-id=\"bb9656f\" data-element_type=\"widget\" data-e-type=\"widget\" data-widget_type=\"text-editor.default\">\n\t\t\t\t\t\t\t\t\t<p>Lorem ipsum dolor sit amet, consectetur adipiscing elit. <br \/>Ut elit tellus, luctus nec ullamcorper mattis, pulvinar dapibus leo.<\/p>\t\t\t\t\t\t\t\t<\/div>\n\t\t\t\t<\/div>\n\t\t<div class=\"elementor-element elementor-element-80637bb e-flex e-con-boxed e-con e-parent\" data-id=\"80637bb\" data-element_type=\"container\" data-e-type=\"container\">\n\t\t\t\t\t<div class=\"e-con-inner\">\n\t\t<div class=\"elementor-element elementor-element-f6f1517 e-con-full e-flex e-con e-child\" data-id=\"f6f1517\" data-element_type=\"container\" data-e-type=\"container\">\n\t\t\t\t<div class=\"elementor-element elementor-element-a2aec87 elementor-widget elementor-widget-text-editor\" data-id=\"a2aec87\" data-element_type=\"widget\" data-e-type=\"widget\" data-widget_type=\"text-editor.default\">\n\t\t\t\t\t\t\t\t\t<p>Nulla viverra vitae est nec lobortis. Suspendisse pharetra felis eu purus aliquam facilisis. Ut cursus augue nec lacus facilisis imperdiet. Donec vehicula tincidunt turpis at faucibus. Etiam fermentum massa sit amet purus ultricies bibendum vel et diam. Proin gravida in ex eget auctor. Nulla nec tristique nibh. Vestibulum dictum iaculis magna, eget euismod metus rutrum dignissim.<\/p><ul><li>Proin gravida in ex eget auctor.<\/li><li>Proin gravida in ex eget auctor.<\/li><li>Proin gravida in ex eget auctor.<\/li><li>Proin gravida in ex eget auctor.<\/li><\/ul>\t\t\t\t\t\t\t\t<\/div>\n\t\t\t\t<\/div>\n\t\t<div class=\"elementor-element elementor-element-ea5ca6c e-con-full e-flex e-con e-child\" data-id=\"ea5ca6c\" data-element_type=\"container\" data-e-type=\"container\">\n\t\t\t\t<div class=\"elementor-element elementor-element-3cee3b9 elementor-widget elementor-widget-heading\" data-id=\"3cee3b9\" data-element_type=\"widget\" data-e-type=\"widget\" data-widget_type=\"heading.default\">\n\t\t\t\t\t<h2 class=\"elementor-heading-title elementor-size-default\">Skontaktuj si\u0119 z nami!<\/h2>\t\t\t\t<\/div>\n\t\t\t\t<div class=\"elementor-element elementor-element-64146b1 elementor-widget elementor-widget-shortcode\" data-id=\"64146b1\" data-element_type=\"widget\" data-e-type=\"widget\" data-widget_type=\"shortcode.default\">\n\t\t\t\t\t\t\t<div class=\"elementor-shortcode\"><style id=\"wpforms-css-vars-370\">\n\t\t\t\t#wpforms-370 {\n\t\t\t\t--wpforms-field-border-color: #000000;\n--wpforms-field-border-color-spare: #000000;\n--wpforms-field-text-color: rgba(0, 0, 0, 0.7);\n--wpforms-label-color: rgba(0, 0, 0, 0.85);\n--wpforms-label-sublabel-color: rgba(0, 0, 0, 0.55);\n--wpforms-button-background-color: #DD4454;\n--wpforms-container-padding: 0px;\n--wpforms-container-border-width: 1px;\n--wpforms-container-border-radius: 3px;\n--wpforms-background-color: rgba(0, 0, 0, 0);\n--wpforms-field-size-input-height: 43px;\n--wpforms-field-size-input-spacing: 15px;\n--wpforms-field-size-font-size: 16px;\n--wpforms-field-size-line-height: 19px;\n--wpforms-field-size-padding-h: 14px;\n--wpforms-field-size-checkbox-size: 16px;\n--wpforms-field-size-sublabel-spacing: 5px;\n--wpforms-field-size-icon-size: 1;\n--wpforms-label-size-font-size: 16px;\n--wpforms-label-size-line-height: 19px;\n--wpforms-label-size-sublabel-font-size: 14px;\n--wpforms-label-size-sublabel-line-height: 17px;\n--wpforms-button-size-font-size: 17px;\n--wpforms-button-size-height: 41px;\n--wpforms-button-size-padding-h: 15px;\n--wpforms-button-size-margin-top: 10px;\n--wpforms-container-shadow-size-box-shadow: none;\n\t\t\t}\n\t\t\t<\/style><div class=\"wpforms-container wpforms-container-full wpforms-render-modern\" id=\"wpforms-370\"><form id=\"wpforms-form-370\" class=\"wpforms-validate wpforms-form wpforms-ajax-form\" data-formid=\"370\" method=\"post\" enctype=\"multipart\/form-data\" action=\"\/index.php\/wp-json\/wp\/v2\/pages\/69\" data-token=\"dbc4a4f89dda59e9c44f7e5bcd614877\" data-token-time=\"1776681342\"><noscript class=\"wpforms-error-noscript\">Aby wype\u0142ni\u0107 ten formularz, w\u0142\u0105cz obs\u0142ug\u0119 JavaScript w przegl\u0105darce.<\/noscript><div id=\"wpforms-error-noscript\" style=\"display: none;\">Aby wype\u0142ni\u0107 ten formularz, w\u0142\u0105cz obs\u0142ug\u0119 JavaScript w przegl\u0105darce.<\/div><div class=\"wpforms-field-container\"><div id=\"wpforms-370-field_1-container\" class=\"wpforms-field wpforms-field-name\" data-field-id=\"1\"><label class=\"wpforms-field-label\" for=\"wpforms-370-field_1\">Imi\u0119 i nazwisko \/ Firma <span class=\"wpforms-required-label\" aria-hidden=\"true\">*<\/span><\/label><input type=\"text\" id=\"wpforms-370-field_1\" class=\"wpforms-field-large wpforms-field-required\" name=\"wpforms[fields][1]\" aria-errormessage=\"wpforms-370-field_1-error\" required><\/div><div id=\"wpforms-370-field_2-container\" class=\"wpforms-field wpforms-field-email\" data-field-id=\"2\"><label class=\"wpforms-field-label\" for=\"wpforms-370-field_2\">Adres e-mail <span class=\"wpforms-required-label\" aria-hidden=\"true\">*<\/span><\/label><input type=\"email\" id=\"wpforms-370-field_2\" class=\"wpforms-field-large wpforms-field-required\" name=\"wpforms[fields][2]\" spellcheck=\"false\" aria-errormessage=\"wpforms-370-field_2-error\" required><\/div>\t\t<div id=\"wpforms-370-field_4-container\"\n\t\t\tclass=\"wpforms-field wpforms-field-text\"\n\t\t\tdata-field-type=\"text\"\n\t\t\tdata-field-id=\"4\"\n\t\t\t>\n\t\t\t<label class=\"wpforms-field-label\" for=\"wpforms-370-field_4\" >nazwisko e-mail Firma<\/label>\n\t\t\t<input type=\"text\" id=\"wpforms-370-field_4\" class=\"wpforms-field-medium\" name=\"wpforms[fields][4]\" >\n\t\t<\/div>\n\t\t<div id=\"wpforms-370-field_3-container\" class=\"wpforms-field wpforms-field-textarea\" data-field-id=\"3\"><label class=\"wpforms-field-label\" for=\"wpforms-370-field_3\">Wiadomo\u015b\u0107 <span class=\"wpforms-required-label\" aria-hidden=\"true\">*<\/span><\/label><textarea id=\"wpforms-370-field_3\" class=\"wpforms-field-medium wpforms-field-required\" name=\"wpforms[fields][3]\" aria-errormessage=\"wpforms-370-field_3-error\" required><\/textarea><\/div><script>\n\t\t\t\t( function() {\n\t\t\t\t\tconst style = document.createElement( 'style' );\n\t\t\t\t\tstyle.appendChild( document.createTextNode( '#wpforms-370-field_4-container { position: absolute !important; overflow: hidden !important; display: inline !important; height: 1px !important; width: 1px !important; z-index: -1000 !important; padding: 0 !important; } #wpforms-370-field_4-container input { visibility: hidden; } #wpforms-conversational-form-page #wpforms-370-field_4-container label { counter-increment: none; }' ) );\n\t\t\t\t\tdocument.head.appendChild( style );\n\t\t\t\t\tdocument.currentScript?.remove();\n\t\t\t\t} )();\n\t\t\t<\/script><\/div><!-- .wpforms-field-container --><div class=\"wpforms-submit-container\" ><input type=\"hidden\" name=\"wpforms[id]\" value=\"370\"><input type=\"hidden\" name=\"page_title\" value=\"\"><input type=\"hidden\" name=\"page_url\" value=\"https:\/\/xoil2.dracodia.com\/index.php\/wp-json\/wp\/v2\/pages\/69\"><input type=\"hidden\" name=\"url_referer\" value=\"\"><button type=\"submit\" name=\"wpforms[submit]\" id=\"wpforms-submit-370\" class=\"wpforms-submit\" data-alt-text=\"Wysy\u0142anie...\" data-submit-text=\"Prze\u015blij\" aria-live=\"assertive\" value=\"wpforms-submit\">Prze\u015blij<\/button><img loading=\"lazy\" decoding=\"async\" src=\"https:\/\/xoil2.dracodia.com\/wp-content\/plugins\/wpforms-lite\/assets\/images\/submit-spin.svg\" class=\"wpforms-submit-spinner\" style=\"display: none;\" width=\"26\" height=\"26\" alt=\"Wczytywanie\"><\/div><\/form><\/div>  <!-- .wpforms-container --><\/div>\n\t\t\t\t\t\t<\/div>\n\t\t\t\t<\/div>\n\t\t\t\t\t<\/div>\n\t\t\t\t<\/div>\n\t\t\t\t<\/div>\n\t\t","protected":false},"excerpt":{"rendered":"<p>https:\/\/xoil2.dracodia.com\/wp-content\/uploads\/2026\/03\/X-OIL-Baner-1-video.mp4 Dodaj tu sw\u00f3j tekst nag\u0142\u00f3wka Lorem ipsum dolor sit amet, consectetur adipiscing elit. Ut elit tellus, luctus nec ullamcorper mattis, pulvinar dapibus leo. Butle gazowe Lorem ipsum dolor sit amet, consectetur adipiscing elit. Ut elit tellus, luctus nec ullamcorper mattis, pulvinar dapibus leo. Wi\u0119cej Zbiorniki na gaz Lorem ipsum dolor sit amet, consectetur adipiscing<span class=\"more-dots\">&#8230;<\/span> <span class=\"more-tag\"><a class=\"more-link\" href=\"https:\/\/xoil2.dracodia.com\/\">Read More<span class=\"screen-reader-text\"> \"Home\"<\/span><\/a><\/span><!-- .more-tag --><\/p>\n","protected":false},"author":1,"featured_media":0,"parent":0,"menu_order":0,"comment_status":"closed","ping_status":"closed","template":"","meta":{"footnotes":""},"class_list":["post-69","page","type-page","status-publish","hentry"],"_links":{"self":[{"href":"https:\/\/xoil2.dracodia.com\/index.php\/wp-json\/wp\/v2\/pages\/69","targetHints":{"allow":["GET"]}}],"collection":[{"href":"https:\/\/xoil2.dracodia.com\/index.php\/wp-json\/wp\/v2\/pages"}],"about":[{"href":"https:\/\/xoil2.dracodia.com\/index.php\/wp-json\/wp\/v2\/types\/page"}],"author":[{"embeddable":true,"href":"https:\/\/xoil2.dracodia.com\/index.php\/wp-json\/wp\/v2\/users\/1"}],"replies":[{"embeddable":true,"href":"https:\/\/xoil2.dracodia.com\/index.php\/wp-json\/wp\/v2\/comments?post=69"}],"version-history":[{"count":238,"href":"https:\/\/xoil2.dracodia.com\/index.php\/wp-json\/wp\/v2\/pages\/69\/revisions"}],"predecessor-version":[{"id":445,"href":"https:\/\/xoil2.dracodia.com\/index.php\/wp-json\/wp\/v2\/pages\/69\/revisions\/445"}],"wp:attachment":[{"href":"https:\/\/xoil2.dracodia.com\/index.php\/wp-json\/wp\/v2\/media?parent=69"}],"curies":[{"name":"wp","href":"https:\/\/api.w.org\/{rel}","templated":true}]}}